{"id":386,"date":"2026-04-10T14:58:54","date_gmt":"2026-04-10T11:58:54","guid":{"rendered":"https:\/\/alnteknoloji.com\/?page_id=386"},"modified":"2026-04-10T16:10:31","modified_gmt":"2026-04-10T13:10:31","slug":"referanslar","status":"publish","type":"page","link":"https:\/\/alnteknoloji.com\/index.php\/referanslar\/","title":{"rendered":"Referanslar"},"content":{"rendered":"\n<ul class=\"wp-block-list\">\n<li>Tar\u0131m Orman Bakanl\u0131\u011f\u0131<br>Plaka Tan\u0131ma Sistemi Yap\u0131m\u0131<\/li>\n\n\n\n<li>EGM Ad\u0131yaman Kent G\u00fcvenlik Y\u00f6netim Sistemi<br>Network Ekipman Temini<\/li>\n\n\n\n<li>EGM Erzincan Kent G\u00fcvenlik Y\u00f6netim Sistemi<br>Network Ekipman Temini<\/li>\n\n\n\n<li>Ar\u00e7elik Sincan Bula\u015f\u0131k Makinas\u0131 Fabrikas\u0131 (EEC)<br>Yang\u0131n Alg\u0131lama Sistemi ve Acil Anons Sistemleri<\/li>\n\n\n\n<li>Kapeks Patlay\u0131c\u0131 Tesisleri (EEC)<br>Yang\u0131n Alg\u0131lama ve Acil Anons<\/li>\n<\/ul>\n\n\n\n<p><strong>Devam Eden Projeler<\/strong><\/p>\n\n\n\n<p><\/p>\n\n\n\n<ul class=\"wp-block-list\">\n<li>Adalet Bakanl\u0131\u011f\u0131 Personel E\u011fitim Merkezi<br>Yang\u0131n Alg\u0131ma Sistemleri, CCTV ve Kartl\u0131 Ge\u00e7i\u015f Sistemleri<\/li>\n\n\n\n<li>Ziraat Bankas\u0131 Genel M\u00fcd\u00fcrl\u00fck Binalar\u0131<br>Termal Kamera Projesi<\/li>\n\n\n\n<li>Halk Bankas\u0131 Genel M\u00fcd\u00fcrl\u00fck Binalar\u0131<br>Termal Kamera Projesi<\/li>\n\n\n\n<li>Ankara Kent G\u00fcvenlik Y\u00f6netim Sistemi<br>5 \u0130l\u00e7e 150 Nokta de-montaj montaj i\u015flemi<\/li>\n\n\n\n<li>K\u00fclt\u00fcr Bakanl\u0131\u011f\u0131 Edirne R\u00f6leve ve An\u0131tlar M\u00fcd\u00fcrl\u00fc\u011f\u00fc Edirne M\u00fczesi (Renevasyon)<br>CCTV ve Yang\u0131n Al\u0131g\u0131lama ve H\u0131rs\u0131z Alarm Sistemleri<\/li>\n<\/ul>\n\n\n\n<p><\/p>\n","protected":false},"excerpt":{"rendered":"<p>Devam Eden Projeler<\/p>\n","protected":false},"author":1,"featured_media":0,"parent":0,"menu_order":0,"comment_status":"closed","ping_status":"closed","template":"","meta":{"footnotes":""},"class_list":["post-386","page","type-page","status-publish","hentry"],"_links":{"self":[{"href":"https:\/\/alnteknoloji.com\/index.php\/wp-json\/wp\/v2\/pages\/386","targetHints":{"allow":["GET"]}}],"collection":[{"href":"https:\/\/alnteknoloji.com\/index.php\/wp-json\/wp\/v2\/pages"}],"about":[{"href":"https:\/\/alnteknoloji.com\/index.php\/wp-json\/wp\/v2\/types\/page"}],"author":[{"embeddable":true,"href":"https:\/\/alnteknoloji.com\/index.php\/wp-json\/wp\/v2\/users\/1"}],"replies":[{"embeddable":true,"href":"https:\/\/alnteknoloji.com\/index.php\/wp-json\/wp\/v2\/comments?post=386"}],"version-history":[{"count":4,"href":"https:\/\/alnteknoloji.com\/index.php\/wp-json\/wp\/v2\/pages\/386\/revisions"}],"predecessor-version":[{"id":425,"href":"https:\/\/alnteknoloji.com\/index.php\/wp-json\/wp\/v2\/pages\/386\/revisions\/425"}],"wp:attachment":[{"href":"https:\/\/alnteknoloji.com\/index.php\/wp-json\/wp\/v2\/media?parent=386"}],"curies":[{"name":"wp","href":"https:\/\/api.w.org\/{rel}","templated":true}]}}