{"id":324,"date":"2026-04-09T23:54:23","date_gmt":"2026-04-09T20:54:23","guid":{"rendered":"https:\/\/alnteknoloji.com\/?page_id=324"},"modified":"2026-04-09T23:55:24","modified_gmt":"2026-04-09T20:55:24","slug":"tamamlanan-projeler","status":"publish","type":"page","link":"https:\/\/alnteknoloji.com\/index.php\/tamamlanan-projeler\/","title":{"rendered":"TAMAMLANAN PROJELER"},"content":{"rendered":"<div class=\"wp-block-image\">\n<figure class=\"aligncenter size-large is-resized\"><img fetchpriority=\"high\" decoding=\"async\" width=\"1024\" height=\"576\" src=\"https:\/\/alnteknoloji.com\/wp-content\/uploads\/2026\/04\/tamamlanan-1024x576.jpg\" alt=\"\" class=\"wp-image-326\" style=\"width:556px;height:auto\" srcset=\"https:\/\/alnteknoloji.com\/wp-content\/uploads\/2026\/04\/tamamlanan-1024x576.jpg 1024w, https:\/\/alnteknoloji.com\/wp-content\/uploads\/2026\/04\/tamamlanan-300x169.jpg 300w, https:\/\/alnteknoloji.com\/wp-content\/uploads\/2026\/04\/tamamlanan-768x432.jpg 768w, https:\/\/alnteknoloji.com\/wp-content\/uploads\/2026\/04\/tamamlanan-1536x864.jpg 1536w, https:\/\/alnteknoloji.com\/wp-content\/uploads\/2026\/04\/tamamlanan-107x60.jpg 107w, https:\/\/alnteknoloji.com\/wp-content\/uploads\/2026\/04\/tamamlanan.jpg 1600w\" sizes=\"(max-width: 1024px) 100vw, 1024px\" \/><\/figure>\n<\/div>\n\n\n<ul class=\"wp-block-list\">\n<li>Tar\u0131m Orman Bakanl\u0131\u011f\u0131<br>Plaka Tan\u0131ma Sistemi Yap\u0131m\u0131<\/li>\n\n\n\n<li>EGM Ad\u0131yaman Kent G\u00fcvenlik Y\u00f6netim Sistemi<br>Network Ekipman Temini<\/li>\n\n\n\n<li>EGM Erzincan Kent G\u00fcvenlik Y\u00f6netim Sistemi<br>Network Ekipman Temini<\/li>\n\n\n\n<li>Ar\u00e7elik Sincan Bula\u015f\u0131k Makinas\u0131 Fabrikas\u0131 (EEC)<br>Yang\u0131n Alg\u0131lama Sistemi ve Acil Anons Sistemleri<\/li>\n\n\n\n<li>Kapeks Patlay\u0131c\u0131 Tesisleri (EEC)<br>Yang\u0131n Alg\u0131lama ve Acil Anons<\/li>\n\n\n\n<li>Anla\u015fmal\u0131 80 Noktada Servis.(70 \u0130l Merkezi)<\/li>\n\n\n\n<li>Teknolojide Geni\u015f \u00dcr\u00fcn Yelpazesi<\/li>\n\n\n\n<li>Donan\u0131m ve Yaz\u0131l\u0131mda Paket \u00c7\u00f6z\u00fcmler ve<br>\u00d6zelle\u015ftirilmi\u015f Yeni Uygulamalar<\/li>\n\n\n\n<li>Dan\u0131\u015fmanl\u0131k Hizmetler<\/li>\n<\/ul>\n","protected":false},"excerpt":{"rendered":"","protected":false},"author":1,"featured_media":0,"parent":0,"menu_order":0,"comment_status":"closed","ping_status":"closed","template":"","meta":{"footnotes":""},"class_list":["post-324","page","type-page","status-publish","hentry"],"_links":{"self":[{"href":"https:\/\/alnteknoloji.com\/index.php\/wp-json\/wp\/v2\/pages\/324","targetHints":{"allow":["GET"]}}],"collection":[{"href":"https:\/\/alnteknoloji.com\/index.php\/wp-json\/wp\/v2\/pages"}],"about":[{"href":"https:\/\/alnteknoloji.com\/index.php\/wp-json\/wp\/v2\/types\/page"}],"author":[{"embeddable":true,"href":"https:\/\/alnteknoloji.com\/index.php\/wp-json\/wp\/v2\/users\/1"}],"replies":[{"embeddable":true,"href":"https:\/\/alnteknoloji.com\/index.php\/wp-json\/wp\/v2\/comments?post=324"}],"version-history":[{"count":2,"href":"https:\/\/alnteknoloji.com\/index.php\/wp-json\/wp\/v2\/pages\/324\/revisions"}],"predecessor-version":[{"id":327,"href":"https:\/\/alnteknoloji.com\/index.php\/wp-json\/wp\/v2\/pages\/324\/revisions\/327"}],"wp:attachment":[{"href":"https:\/\/alnteknoloji.com\/index.php\/wp-json\/wp\/v2\/media?parent=324"}],"curies":[{"name":"wp","href":"https:\/\/api.w.org\/{rel}","templated":true}]}}