{"id":316,"date":"2026-04-09T23:52:06","date_gmt":"2026-04-09T20:52:06","guid":{"rendered":"https:\/\/alnteknoloji.com\/?page_id=316"},"modified":"2026-04-10T15:14:25","modified_gmt":"2026-04-10T12:14:25","slug":"gecis-kontrol-sistemleri","status":"publish","type":"page","link":"https:\/\/alnteknoloji.com\/index.php\/gecis-kontrol-sistemleri\/","title":{"rendered":"Ge\u00e7i\u015f Kontrol Sistemleri"},"content":{"rendered":"<div class=\"wp-block-image\">\n<figure class=\"aligncenter size-large is-resized\"><img loading=\"lazy\" decoding=\"async\" width=\"1024\" height=\"539\" src=\"https:\/\/alnteknoloji.com\/wp-content\/uploads\/2026\/04\/vaccescontrol-1024x539.jpg\" alt=\"\" class=\"wp-image-317\" style=\"aspect-ratio:1.8999151823579306;width:806px;height:auto\" srcset=\"https:\/\/alnteknoloji.com\/wp-content\/uploads\/2026\/04\/vaccescontrol-1024x539.jpg 1024w, https:\/\/alnteknoloji.com\/wp-content\/uploads\/2026\/04\/vaccescontrol-300x158.jpg 300w, https:\/\/alnteknoloji.com\/wp-content\/uploads\/2026\/04\/vaccescontrol-768x405.jpg 768w, https:\/\/alnteknoloji.com\/wp-content\/uploads\/2026\/04\/vaccescontrol-1536x809.jpg 1536w, https:\/\/alnteknoloji.com\/wp-content\/uploads\/2026\/04\/vaccescontrol-114x60.jpg 114w, https:\/\/alnteknoloji.com\/wp-content\/uploads\/2026\/04\/vaccescontrol.jpg 1978w\" sizes=\"auto, (max-width: 1024px) 100vw, 1024px\" \/><\/figure>\n<\/div>\n\n\n<p><strong>Tesisinizde bulunan t\u00fcm emniyet ve g\u00fcvenlik sistemlerini ayn\u0131<br>platformdan y\u00f6netmenizi sa\u011fl\u0131yoruz.<\/strong><\/p>\n\n\n\n<ul class=\"wp-block-list\">\n<li>Yetkili personellerinizin bu platforma sabit ya da mobil t\u00fcm<br>cihazlardan eri\u015fimini sa\u011fl\u0131yoruz.<\/li>\n\n\n\n<li>\u0130nsan makine uyumunu en \u00fcst seviyeye \u00e7\u0131kart\u0131yoruz.<\/li>\n\n\n\n<li>Senaryolar\u0131 otomatik i\u015fletiyor, ekran uyar\u0131 ve y\u00f6nlendirmeleri<br>ile personel hatas\u0131na izin vermiyoruz.<\/li>\n\n\n\n<li>Personelinizin e\u011fitim s\u00fcresini k\u0131salt\u0131yor ve e\u011fitim maliyetini<br>d\u00fc\u015f\u00fcr\u00fcyoruz.<\/li>\n<\/ul>\n\n\n<div class=\"wp-block-image\">\n<figure class=\"aligncenter size-large\"><img loading=\"lazy\" decoding=\"async\" width=\"1024\" height=\"363\" src=\"https:\/\/alnteknoloji.com\/wp-content\/uploads\/2026\/04\/vaccess22-1024x363.png\" alt=\"\" class=\"wp-image-318\" srcset=\"https:\/\/alnteknoloji.com\/wp-content\/uploads\/2026\/04\/vaccess22-1024x363.png 1024w, https:\/\/alnteknoloji.com\/wp-content\/uploads\/2026\/04\/vaccess22-300x106.png 300w, https:\/\/alnteknoloji.com\/wp-content\/uploads\/2026\/04\/vaccess22-768x272.png 768w, https:\/\/alnteknoloji.com\/wp-content\/uploads\/2026\/04\/vaccess22-169x60.png 169w, https:\/\/alnteknoloji.com\/wp-content\/uploads\/2026\/04\/vaccess22.png 1074w\" sizes=\"auto, (max-width: 1024px) 100vw, 1024px\" \/><\/figure>\n<\/div>\n\n\n<p><strong>Nas\u0131l Yap\u0131yoruz?<\/strong><\/p>\n\n\n\n<ul class=\"wp-block-list\">\n<li>Y\u00f6netim platformu \u00fczerinden izlenmesi ve kontrol edilmesi<br>gereken t\u00fcm sistemleri yaz\u0131l\u0131m ve\/veya donan\u0131m seviyesinde<br>bu platforma entegre ederek.<\/li>\n\n\n\n<li>Tesisinize \u00f6zel izleme ve kontrol senaryolar\u0131 olu\u015fturarak.<\/li>\n\n\n\n<li>Kolay anla\u015f\u0131labilir ve kullan\u0131labilir ekran tasar\u0131mlar\u0131 ile.<\/li>\n\n\n\n<li>Herhangi bir alt sistemden alarm geldi\u011finde acil durum<br>senaryolar\u0131n\u0131 t\u00fcm sistemlerde otomatik ya da kullan\u0131c\u0131 onay\u0131<br>ile \u00e7al\u0131\u015ft\u0131rarak.<\/li>\n\n\n\n<li>Haritalama yaparak ve kullan\u0131c\u0131 y\u00f6nlendirme ad\u0131mlar\u0131<br>olu\u015fturarak.<\/li>\n<\/ul>\n\n\n\n<p><strong>Sizin i\u00e7in ne yapabiliriz?<\/strong><\/p>\n\n\n\n<ul class=\"wp-block-list\">\n<li>Can emniyeti i\u00e7in uyar\u0131 ve tahliye i\u015flemlerini y\u00f6netmenizi<br>sa\u011flayabiliriz.<\/li>\n\n\n\n<li>\u00c7al\u0131\u015fmas\u0131 veya durmas\u0131 gereken kritik cihaz ve sistemleri<br>otomatik olarak \u00e7al\u0131\u015ft\u0131rabilir ya da durdurabiliriz.<\/li>\n\n\n\n<li>Do\u011falgaz hatt\u0131, yak\u0131t boru hatt\u0131, kimyasal boru hatt\u0131 ve benzeri<br>riskli hatlarda ak\u0131\u015f\u0131 kesebiliriz.<\/li>\n\n\n\n<li>Acil durum merkezi personeli ile sahada g\u00f6rev yapan<br>personelin e\u015f zamanl\u0131 ve e\u015f g\u00fcd\u00fcml\u00fc \u00e7al\u0131\u015fmas\u0131n\u0131 sa\u011flayabiliriz.<\/li>\n\n\n\n<li>T\u00fcm sistemlerin ve personelin durumu ile ilgili anl\u0131k ve<br>periyodik raporlar olu\u015fturabiliriz.<\/li>\n<\/ul>\n\n\n\n<p><strong>Plaka Tan\u0131ma Sistemleri (PTS): <\/strong>Kameralar arac\u0131l\u0131\u011f\u0131yla ara\u00e7 plakas\u0131n\u0131 otomatik alg\u0131lay\u0131p bariyeri a\u00e7ar, veri kayd\u0131 tutar.<br><strong>RFID \/ UHF H\u0131zl\u0131 Ge\u00e7i\u015f Sistemleri: <\/strong>Ara\u00e7 cam\u0131na yap\u0131\u015ft\u0131r\u0131lan etiketler (etiket) ile antenlerin haberle\u015fmesiyle \u00e7al\u0131\u015f\u0131r, y\u00fcksek h\u0131zl\u0131 ge\u00e7i\u015f sa\u011flar.<br><strong>Otopark Bariyer Sistemleri: <\/strong>Kollu bariyerler, mantar bariyerler veya blok bariyerler ile fiziksel giri\u015f-\u00e7\u0131k\u0131\u015f kontrol\u00fc yap\u0131l\u0131r.<br><strong>Bluetooth \/ Mobil Uygulamal\u0131 Sistemler:<\/strong> Ara\u00e7 i\u00e7indeki s\u00fcr\u00fcc\u00fcn\u00fcn ak\u0131ll\u0131 telefon \u00fczerinden bariyeri a\u00e7t\u0131\u011f\u0131 sistemlerdir<\/p>\n","protected":false},"excerpt":{"rendered":"<p>Tesisinizde bulunan t\u00fcm emniyet ve g\u00fcvenlik sistemlerini ayn\u0131platformdan y\u00f6netmenizi sa\u011fl\u0131yoruz. Nas\u0131l Yap\u0131yoruz? Sizin i\u00e7in ne yapabiliriz? Plaka Tan\u0131ma Sistemleri (PTS): Kameralar arac\u0131l\u0131\u011f\u0131yla ara\u00e7 plakas\u0131n\u0131 otomatik alg\u0131lay\u0131p bariyeri a\u00e7ar, veri kayd\u0131 tutar.RFID \/ UHF H\u0131zl\u0131 Ge\u00e7i\u015f Sistemleri: Ara\u00e7 cam\u0131na yap\u0131\u015ft\u0131r\u0131lan etiketler (etiket) ile antenlerin haberle\u015fmesiyle \u00e7al\u0131\u015f\u0131r, y\u00fcksek h\u0131zl\u0131 ge\u00e7i\u015f sa\u011flar.Otopark Bariyer Sistemleri: Kollu bariyerler, mantar bariyerler &hellip; <\/p>\n","protected":false},"author":1,"featured_media":0,"parent":0,"menu_order":0,"comment_status":"closed","ping_status":"closed","template":"","meta":{"footnotes":""},"class_list":["post-316","page","type-page","status-publish","hentry"],"_links":{"self":[{"href":"https:\/\/alnteknoloji.com\/index.php\/wp-json\/wp\/v2\/pages\/316","targetHints":{"allow":["GET"]}}],"collection":[{"href":"https:\/\/alnteknoloji.com\/index.php\/wp-json\/wp\/v2\/pages"}],"about":[{"href":"https:\/\/alnteknoloji.com\/index.php\/wp-json\/wp\/v2\/types\/page"}],"author":[{"embeddable":true,"href":"https:\/\/alnteknoloji.com\/index.php\/wp-json\/wp\/v2\/users\/1"}],"replies":[{"embeddable":true,"href":"https:\/\/alnteknoloji.com\/index.php\/wp-json\/wp\/v2\/comments?post=316"}],"version-history":[{"count":4,"href":"https:\/\/alnteknoloji.com\/index.php\/wp-json\/wp\/v2\/pages\/316\/revisions"}],"predecessor-version":[{"id":399,"href":"https:\/\/alnteknoloji.com\/index.php\/wp-json\/wp\/v2\/pages\/316\/revisions\/399"}],"wp:attachment":[{"href":"https:\/\/alnteknoloji.com\/index.php\/wp-json\/wp\/v2\/media?parent=316"}],"curies":[{"name":"wp","href":"https:\/\/api.w.org\/{rel}","templated":true}]}}