{"id":313,"date":"2026-04-09T23:44:54","date_gmt":"2026-04-09T20:44:54","guid":{"rendered":"https:\/\/alnteknoloji.com\/?page_id=313"},"modified":"2026-04-09T23:46:09","modified_gmt":"2026-04-09T20:46:09","slug":"otomatik-yangin-sondurme","status":"publish","type":"page","link":"https:\/\/alnteknoloji.com\/index.php\/otomatik-yangin-sondurme\/","title":{"rendered":"Otomatik Yang\u0131n S\u00f6nd\u00fcrme"},"content":{"rendered":"<div class=\"wp-block-image\">\n<figure class=\"aligncenter size-full is-resized\"><img loading=\"lazy\" decoding=\"async\" width=\"500\" height=\"400\" src=\"https:\/\/alnteknoloji.com\/wp-content\/uploads\/2026\/04\/otomatik-sondurme.webp\" alt=\"\" class=\"wp-image-314\" style=\"width:840px;height:auto\" srcset=\"https:\/\/alnteknoloji.com\/wp-content\/uploads\/2026\/04\/otomatik-sondurme.webp 500w, https:\/\/alnteknoloji.com\/wp-content\/uploads\/2026\/04\/otomatik-sondurme-300x240.webp 300w, https:\/\/alnteknoloji.com\/wp-content\/uploads\/2026\/04\/otomatik-sondurme-75x60.webp 75w\" sizes=\"auto, (max-width: 500px) 100vw, 500px\" \/><\/figure>\n<\/div>\n\n\n<p>Yang\u0131n durumunda otomatik olarak tetiklenen ya da elle aktive edilen bu sistemlerin amac\u0131 yang\u0131n\u0131 b\u00fcy\u00fcmeden s\u00f6nd\u00fcrmek veya yay\u0131lmas\u0131n\u0131 engellemektir. Yayg\u0131n olarak kullan\u0131lan s\u00f6nd\u00fcr\u00fcc\u00fcler aras\u0131nda inert gazlar ve kar\u0131\u015f\u0131mlar\u0131, Karbondioksit, Novec 1230, FM200 ve aerosoller bulunmaktad\u0131r. Hacmin kullan\u0131m amac\u0131, i\u00e7erdi\u011fi yang\u0131n tehlikesi ve korunacak ekipman\u0131n \u00f6zellikleri sistem se\u00e7imini belirlemektedir.<\/p>\n\n\n\n<p>Otomatik yang\u0131n s\u00f6nd\u00fcrme sistemlerini, alg\u0131lama ve kontrol ekipmanlar\u0131 ile mekanik tesisat\u0131 da d\u00e2hil olmak \u00fczere anahtar teslimi kuruyoruz. S\u00f6nd\u00fcrme sistemlerinizin bak\u0131mlar\u0131n\u0131 standartlara uygun olarak en son teknolojiyle \u00fcretilmi\u015f \u00f6l\u00e7\u00fcm ve kontrol ekipman\u0131yla ger\u00e7ekle\u015ftiriyoruz.<\/p>\n","protected":false},"excerpt":{"rendered":"<p>Yang\u0131n durumunda otomatik olarak tetiklenen ya da elle aktive edilen bu sistemlerin amac\u0131 yang\u0131n\u0131 b\u00fcy\u00fcmeden s\u00f6nd\u00fcrmek veya yay\u0131lmas\u0131n\u0131 engellemektir. Yayg\u0131n olarak kullan\u0131lan s\u00f6nd\u00fcr\u00fcc\u00fcler aras\u0131nda inert gazlar ve kar\u0131\u015f\u0131mlar\u0131, Karbondioksit, Novec 1230, FM200 ve aerosoller bulunmaktad\u0131r. Hacmin kullan\u0131m amac\u0131, i\u00e7erdi\u011fi yang\u0131n tehlikesi ve korunacak ekipman\u0131n \u00f6zellikleri sistem se\u00e7imini belirlemektedir. Otomatik yang\u0131n s\u00f6nd\u00fcrme sistemlerini, alg\u0131lama ve kontrol &hellip; <\/p>\n","protected":false},"author":1,"featured_media":0,"parent":0,"menu_order":0,"comment_status":"closed","ping_status":"closed","template":"","meta":{"footnotes":""},"class_list":["post-313","page","type-page","status-publish","hentry"],"_links":{"self":[{"href":"https:\/\/alnteknoloji.com\/index.php\/wp-json\/wp\/v2\/pages\/313","targetHints":{"allow":["GET"]}}],"collection":[{"href":"https:\/\/alnteknoloji.com\/index.php\/wp-json\/wp\/v2\/pages"}],"about":[{"href":"https:\/\/alnteknoloji.com\/index.php\/wp-json\/wp\/v2\/types\/page"}],"author":[{"embeddable":true,"href":"https:\/\/alnteknoloji.com\/index.php\/wp-json\/wp\/v2\/users\/1"}],"replies":[{"embeddable":true,"href":"https:\/\/alnteknoloji.com\/index.php\/wp-json\/wp\/v2\/comments?post=313"}],"version-history":[{"count":1,"href":"https:\/\/alnteknoloji.com\/index.php\/wp-json\/wp\/v2\/pages\/313\/revisions"}],"predecessor-version":[{"id":315,"href":"https:\/\/alnteknoloji.com\/index.php\/wp-json\/wp\/v2\/pages\/313\/revisions\/315"}],"wp:attachment":[{"href":"https:\/\/alnteknoloji.com\/index.php\/wp-json\/wp\/v2\/media?parent=313"}],"curies":[{"name":"wp","href":"https:\/\/api.w.org\/{rel}","templated":true}]}}