{"id":306,"date":"2026-04-09T23:42:13","date_gmt":"2026-04-09T20:42:13","guid":{"rendered":"https:\/\/alnteknoloji.com\/?page_id=306"},"modified":"2026-04-09T23:43:08","modified_gmt":"2026-04-09T20:43:08","slug":"bina-otomasyon-sistemleri","status":"publish","type":"page","link":"https:\/\/alnteknoloji.com\/index.php\/bina-otomasyon-sistemleri\/","title":{"rendered":"Bina Otomasyon Sistemleri"},"content":{"rendered":"<div class=\"wp-block-image\">\n<figure class=\"alignleft size-full\"><img loading=\"lazy\" decoding=\"async\" width=\"800\" height=\"334\" src=\"https:\/\/alnteknoloji.com\/wp-content\/uploads\/2026\/04\/binaotomasyon.jpg\" alt=\"\" class=\"wp-image-307\" srcset=\"https:\/\/alnteknoloji.com\/wp-content\/uploads\/2026\/04\/binaotomasyon.jpg 800w, https:\/\/alnteknoloji.com\/wp-content\/uploads\/2026\/04\/binaotomasyon-300x125.jpg 300w, https:\/\/alnteknoloji.com\/wp-content\/uploads\/2026\/04\/binaotomasyon-768x321.jpg 768w, https:\/\/alnteknoloji.com\/wp-content\/uploads\/2026\/04\/binaotomasyon-144x60.jpg 144w\" sizes=\"auto, (max-width: 800px) 100vw, 800px\" \/><figcaption class=\"wp-element-caption\">Bina otomasyon ve y\u00f6netim sistemleri insandan ba\u011f\u0131ms\u0131z olarak, \u00f6nceden belirlenmi\u015f acil durum senaryolar\u0131n\u0131 \u00e7al\u0131\u015ft\u0131rmak, talep edilen konfor ko\u015fullar\u0131n\u0131 ve enerji verimlili\u011fini sa\u011flamak amac\u0131 ile tesis edilir. Bu ama\u00e7la; iklimlendirme ve havaland\u0131rma cihazlar\u0131, i\u00e7 ve d\u0131\u015f ortam ayd\u0131nlatmalar\u0131, motorlu perde, panjur ve g\u00f6lgeleme sistemleri; enerji analiz\u00f6r\u00fc, kalorimetre ve su saya\u00e7lar\u0131 gibi \u00f6l\u00e7\u00fcm cihazlar\u0131; trafo, jenerat\u00f6r, kesintisiz g\u00fc\u00e7 kayna\u011f\u0131 ve benzeri cihazlar; otopark egzoz gaz\u0131 alg\u0131lama, a\u00e7\u0131l\u0131r \/ kapan\u0131r cephe gibi sistemlerin tek bir merkezden izleme, kontrol ve raporlanmas\u0131n\u0131 sa\u011flar. Ayr\u0131ca CCTV (kapal\u0131 devre televizyon), kartl\u0131 ge\u00e7i\u015f, yang\u0131n alg\u0131lama vb di\u011fer g\u00fcvenlik sistemleri ile de entegre edilerek tek merkezden t\u00fcm binan\u0131n minimum personel ve maksimum verimlilikle kontrol\u00fc de m\u00fcmk\u00fcnd\u00fcr.<br><br>Hangi sistemleri kontrol ediyoruz?<br><br>Klima Santralleri (AHU)<br>Egzoz ve taze hava fanlar\u0131<br>Sirk\u00fclasyon pompalar\u0131<br>Fan ve pompa frekans inverter cihazlar\u0131<br>Kazanlar ve \u0131s\u0131tma sistemleri<br>So\u011futma gruplar\u0131 ve so\u011futma sistemleri<br>Oda mekanik ekipmanlar\u0131 (Fan Coil, VRV, VAV, split klima\u2026)<br>Su depolama ve temin sistemleri, su ar\u0131tma, paket cihazlar<br>\u0130\u00e7 ve d\u0131\u015f ayd\u0131nlatmalar<br>Perde, panjur, g\u00f6lgeleme ve cephe sistemleri<br>Elektrik ve \u0131s\u0131 enerjisi izleme (Enerji analiz\u00f6rleri, kalorimetre, su saya\u00e7lar\u0131\u2026)<br>Elektrik sistemleri (Trafo, jenerat\u00f6r, kesintisiz g\u00fc\u00e7 kayna\u011f\u0131\u2026)<\/figcaption><\/figure>\n<\/div>","protected":false},"excerpt":{"rendered":"","protected":false},"author":1,"featured_media":0,"parent":0,"menu_order":0,"comment_status":"closed","ping_status":"closed","template":"","meta":{"footnotes":""},"class_list":["post-306","page","type-page","status-publish","hentry"],"_links":{"self":[{"href":"https:\/\/alnteknoloji.com\/index.php\/wp-json\/wp\/v2\/pages\/306","targetHints":{"allow":["GET"]}}],"collection":[{"href":"https:\/\/alnteknoloji.com\/index.php\/wp-json\/wp\/v2\/pages"}],"about":[{"href":"https:\/\/alnteknoloji.com\/index.php\/wp-json\/wp\/v2\/types\/page"}],"author":[{"embeddable":true,"href":"https:\/\/alnteknoloji.com\/index.php\/wp-json\/wp\/v2\/users\/1"}],"replies":[{"embeddable":true,"href":"https:\/\/alnteknoloji.com\/index.php\/wp-json\/wp\/v2\/comments?post=306"}],"version-history":[{"count":2,"href":"https:\/\/alnteknoloji.com\/index.php\/wp-json\/wp\/v2\/pages\/306\/revisions"}],"predecessor-version":[{"id":309,"href":"https:\/\/alnteknoloji.com\/index.php\/wp-json\/wp\/v2\/pages\/306\/revisions\/309"}],"wp:attachment":[{"href":"https:\/\/alnteknoloji.com\/index.php\/wp-json\/wp\/v2\/media?parent=306"}],"curies":[{"name":"wp","href":"https:\/\/api.w.org\/{rel}","templated":true}]}}