{"id":300,"date":"2026-04-09T23:39:57","date_gmt":"2026-04-09T20:39:57","guid":{"rendered":"https:\/\/alnteknoloji.com\/?page_id=300"},"modified":"2026-04-09T23:40:04","modified_gmt":"2026-04-09T20:40:04","slug":"acil-anons-sistemleri","status":"publish","type":"page","link":"https:\/\/alnteknoloji.com\/index.php\/acil-anons-sistemleri\/","title":{"rendered":"Acil Anons Sistemleri"},"content":{"rendered":"\n<p>Acil anons ve seslendirme sistemleri, binalarda m\u00fczik yay\u0131n\u0131 ve acil durumlarda insanlar\u0131n tahliyesi i\u00e7in kullan\u0131l\u0131rlar.<\/p>\n\n\n\n<p>M\u00fczik yay\u0131n\u0131nda ama\u00e7 insanlar\u0131n bulundu\u011fu hacimlerde ho\u015f bir ambians sa\u011flamak iken, acil anonsta ama\u00e7 insanlar\u0131n g\u00fcvenli bir \u015fekilde ortamdan tahliye edilmesini sa\u011flamakt\u0131r.<\/p>\n\n\n\n<p>Sistemlerin kurulaca\u011f\u0131 yerlerin b\u00fcy\u00fckl\u00fc\u011f\u00fc, zon say\u0131s\u0131, hacimlerin akustik yap\u0131s\u0131 ve istekler sistemin yap\u0131s\u0131n\u0131 belirlemektedir. Tek zondan, y\u00fczlerce zona, tek anons noktas\u0131ndan y\u00fczlerce anons noktas\u0131na kadar farkl\u0131 b\u00fcy\u00fckl\u00fckte sistemlerin tesis edilmesi m\u00fcmk\u00fcnd\u00fcr.<\/p>\n\n\n<div class=\"wp-block-image\">\n<figure class=\"aligncenter size-full is-resized\"><img loading=\"lazy\" decoding=\"async\" width=\"649\" height=\"263\" src=\"https:\/\/alnteknoloji.com\/wp-content\/uploads\/2026\/04\/aclanons.jpg\" alt=\"\" class=\"wp-image-301\" style=\"width:840px;height:auto\" srcset=\"https:\/\/alnteknoloji.com\/wp-content\/uploads\/2026\/04\/aclanons.jpg 649w, https:\/\/alnteknoloji.com\/wp-content\/uploads\/2026\/04\/aclanons-300x122.jpg 300w, https:\/\/alnteknoloji.com\/wp-content\/uploads\/2026\/04\/aclanons-148x60.jpg 148w\" sizes=\"auto, (max-width: 649px) 100vw, 649px\" \/><\/figure>\n<\/div>\n\n\n<p>Acil anons sistemlerinin \u201cBinalar\u0131n Yang\u0131ndan Korunmas\u0131 Hakk\u0131nda Y\u00f6netmelik\u201d gere\u011fince 200 yataktan fazla kapasiteli t\u00fcm otellerde, 5000 m\u00b2\u2019den b\u00fcy\u00fck yap\u0131 in\u015faat alan\u0131 olan veya kullan\u0131c\u0131 say\u0131s\u0131 1000 ki\u015fiyi a\u015fan t\u00fcm yap\u0131larda ve y\u00fcksekli\u011fi 51.5 m\u2019yi ge\u00e7en t\u00fcm binalarda kullan\u0131lmas\u0131 mecburidir.<\/p>\n\n\n\n<p>Kurulan sistemler, yang\u0131n alg\u0131lama ve alarm, havaalanlar\u0131nda kullan\u0131lan u\u00e7u\u015f bilgi sistemleri gibi sistemlerle entegre olarak \u00e7al\u0131\u015fabilmekte, otomatik anonslar ve bilgilendirme mesajlar\u0131 \u00f6nceden programlanarak sisteme verilebilmektedir.<\/p>\n\n\n\n<p>Seslendirme sistemlerinde ama\u00e7 sadece m\u00fczik yay\u0131n\u0131 ve anons yap\u0131labilmesini sa\u011flamak de\u011fil, yay\u0131n\u0131n anla\u015f\u0131labilir, g\u00fcvenli ve s\u00fcrekli olmas\u0131n\u0131 da sa\u011flamakt\u0131r.<\/p>\n\n\n\n<p>Tesis etti\u011fimiz sistemlerde, t\u00fcm uluslararas\u0131 g\u00fcvenlik standartlar\u0131n\u0131 sa\u011flaman\u0131n yan\u0131 s\u0131ra, basit bir analog sistemden \u00e7ok fonksiyonel dijital sistemlere kadar geni\u015f bir \u00fcr\u00fcn portf\u00f6y\u00fcne sahip olman\u0131n avantajlar\u0131n\u0131 da m\u00fc\u015fterilerimize sunmaktay\u0131z.<\/p>\n\n\n\n<p>Acil Anons ve Seslendirme Sistemi ihtiyac\u0131n\u0131za g\u00f6re sizin i\u00e7in en uygun sistemi tasarlay\u0131p kuruyoruz.<br>\u00c7\u00f6z\u00fcm sundu\u011fumuz sistemler, \u00e7ok geni\u015f bir \u00fcr\u00fcn yelpazesine sahiptirler.<\/p>\n\n\n\n<ul class=\"wp-block-list\">\n<li>Basit, tek veya iki zonlu anons sistemleri<\/li>\n\n\n\n<li>Mod\u00fcler, 60 zona kadar b\u00fcy\u00fcyebilen acil anons sistemleri<\/li>\n\n\n\n<li>Dijital, limitsiz olarak b\u00fcy\u00fcyebilen acil anons sistemleri<\/li>\n\n\n\n<li>Asma tavan tipi hoparl\u00f6rler<\/li>\n\n\n\n<li>Kabin tipi hoparl\u00f6rler<\/li>\n\n\n\n<li>Kolon tipi hoparl\u00f6rler<\/li>\n\n\n\n<li>Projekt\u00f6r tipi hoparl\u00f6rler<\/li>\n\n\n\n<li>Horn tipi hoparl\u00f6rler<\/li>\n\n\n\n<li>\u201cLine array\u201d tipi hoparl\u00f6rler<\/li>\n\n\n\n<li>Dijital ve analog anons istasyonlar\u0131<\/li>\n\n\n\n<li>M\u00fczik kaynaklar\u0131<\/li>\n\n\n\n<li>Volum kontrol \u00fcniteleri ve kanal se\u00e7iciler<\/li>\n\n\n\n<li>Muhtelif aray\u00fczler<\/li>\n<\/ul>\n","protected":false},"excerpt":{"rendered":"<p>Acil anons ve seslendirme sistemleri, binalarda m\u00fczik yay\u0131n\u0131 ve acil durumlarda insanlar\u0131n tahliyesi i\u00e7in kullan\u0131l\u0131rlar. M\u00fczik yay\u0131n\u0131nda ama\u00e7 insanlar\u0131n bulundu\u011fu hacimlerde ho\u015f bir ambians sa\u011flamak iken, acil anonsta ama\u00e7 insanlar\u0131n g\u00fcvenli bir \u015fekilde ortamdan tahliye edilmesini sa\u011flamakt\u0131r. Sistemlerin kurulaca\u011f\u0131 yerlerin b\u00fcy\u00fckl\u00fc\u011f\u00fc, zon say\u0131s\u0131, hacimlerin akustik yap\u0131s\u0131 ve istekler sistemin yap\u0131s\u0131n\u0131 belirlemektedir. Tek zondan, y\u00fczlerce zona, &hellip; <\/p>\n","protected":false},"author":1,"featured_media":0,"parent":0,"menu_order":0,"comment_status":"closed","ping_status":"closed","template":"","meta":{"footnotes":""},"class_list":["post-300","page","type-page","status-publish","hentry"],"_links":{"self":[{"href":"https:\/\/alnteknoloji.com\/index.php\/wp-json\/wp\/v2\/pages\/300","targetHints":{"allow":["GET"]}}],"collection":[{"href":"https:\/\/alnteknoloji.com\/index.php\/wp-json\/wp\/v2\/pages"}],"about":[{"href":"https:\/\/alnteknoloji.com\/index.php\/wp-json\/wp\/v2\/types\/page"}],"author":[{"embeddable":true,"href":"https:\/\/alnteknoloji.com\/index.php\/wp-json\/wp\/v2\/users\/1"}],"replies":[{"embeddable":true,"href":"https:\/\/alnteknoloji.com\/index.php\/wp-json\/wp\/v2\/comments?post=300"}],"version-history":[{"count":1,"href":"https:\/\/alnteknoloji.com\/index.php\/wp-json\/wp\/v2\/pages\/300\/revisions"}],"predecessor-version":[{"id":302,"href":"https:\/\/alnteknoloji.com\/index.php\/wp-json\/wp\/v2\/pages\/300\/revisions\/302"}],"wp:attachment":[{"href":"https:\/\/alnteknoloji.com\/index.php\/wp-json\/wp\/v2\/media?parent=300"}],"curies":[{"name":"wp","href":"https:\/\/api.w.org\/{rel}","templated":true}]}}