{"id":296,"date":"2026-04-09T23:38:46","date_gmt":"2026-04-09T20:38:46","guid":{"rendered":"https:\/\/alnteknoloji.com\/?page_id=296"},"modified":"2026-04-09T23:38:46","modified_gmt":"2026-04-09T20:38:46","slug":"kritik-tesis-guvenligi","status":"publish","type":"page","link":"https:\/\/alnteknoloji.com\/index.php\/kritik-tesis-guvenligi\/","title":{"rendered":"Kritik Tesis G\u00fcvenli\u011fi"},"content":{"rendered":"\n<p><strong>Kritik tesis g\u00fcvenlik y\u00f6netimi\u00a0<\/strong>bir \u00fclkede kritik seviyede olan b\u00fct\u00fcn binalar\u0131n g\u00fcvenli\u011fi ile ilgilenir. Kritik d\u00fczeyde say\u0131lan cezaevleri, sanayi tesisleri, havaalanlar\u0131, askeri tesisler, devlete ait daireler, y\u00fcksek \u00f6l\u00e7ekli ticari binalar kritik tesis g\u00fcvenlik y\u00f6netimi kapsam\u0131nda ele al\u0131n\u0131r. Bu tesislere y\u00f6nelik olarak hem i\u00e7eriden hem de d\u0131\u015far\u0131dan \u00e7e\u015fitli tehlikeler s\u00f6z konusu olabilece\u011fi i\u00e7in g\u00fcvenlik y\u00f6netimi olu\u015fturulurken t\u00fcm riskler g\u00f6z \u00f6n\u00fcne al\u0131nmal\u0131d\u0131r.<\/p>\n\n\n\n<figure class=\"wp-block-image size-large\"><img loading=\"lazy\" decoding=\"async\" width=\"1024\" height=\"446\" src=\"https:\/\/alnteknoloji.com\/wp-content\/uploads\/2026\/04\/kritik_teesis-1024x446.png\" alt=\"\" class=\"wp-image-297\" srcset=\"https:\/\/alnteknoloji.com\/wp-content\/uploads\/2026\/04\/kritik_teesis-1024x446.png 1024w, https:\/\/alnteknoloji.com\/wp-content\/uploads\/2026\/04\/kritik_teesis-300x131.png 300w, https:\/\/alnteknoloji.com\/wp-content\/uploads\/2026\/04\/kritik_teesis-768x335.png 768w, https:\/\/alnteknoloji.com\/wp-content\/uploads\/2026\/04\/kritik_teesis-138x60.png 138w, https:\/\/alnteknoloji.com\/wp-content\/uploads\/2026\/04\/kritik_teesis.png 1269w\" sizes=\"auto, (max-width: 1024px) 100vw, 1024px\" \/><\/figure>\n\n\n\n<p>Kritik tesislerin g\u00fcvenlik y\u00f6netiminde ele al\u0131nmas\u0131 gereken en \u00f6nemli konu risk de\u011ferlendirmesidir. \u00c7\u00fcnk\u00fc daha sonra meydana gelmesi muhtemel b\u00fct\u00fcn tehlikelerin kayna\u011f\u0131nda tespit edilmesi ve bunlar\u0131n \u00f6n\u00fcne ge\u00e7ebilecek tedbirlerin al\u0131nmas\u0131 bu a\u015famada planlanmaktad\u0131r. G\u00fcvenlikle ilgili risk de\u011ferlendirmelerinde kurum, kurulu\u015f veya tesisin zay\u0131f noktalar\u0131 ve g\u00fc\u00e7l\u00fc yanlar\u0131 ele al\u0131n\u0131r.<\/p>\n\n\n\n<p>\u00d6zellikle zay\u0131f noktalar \u00fczerinde al\u0131nmas\u0131 gereken \u00f6nlemler \u00fczerinde yo\u011funla\u015f\u0131lmaktad\u0131r. Buna ra\u011fmen herhangi bir do\u011fal afet veya ihlal sonras\u0131 ya\u015fanabilecek tehlikelerle ilgili boyut boyut neler yap\u0131labilece\u011fi planlan\u0131r. Bu de\u011ferlendirme sonucunda kimlerin hangi g\u00f6revleri alaca\u011f\u0131, hangi durumlarda nas\u0131l tedbirlerde bulunaca\u011f\u0131 ve hangi birimlerle i\u015fbirli\u011fi yap\u0131laca\u011f\u0131 belirlenmektedir.<\/p>\n\n\n\n<p>Bunun yaz\u0131l\u0131 bir \u015fekilde evrak halinde sakl\u0131 olmas\u0131 herhangi bir durumda yap\u0131lacaklarla ilgili somut bir veri sa\u011flamas\u0131 a\u00e7\u0131s\u0131ndan \u00f6nemlidir. Bu y\u00fczden kritik tesislerin korunmas\u0131nda g\u00fcvenlik de\u011ferlendirmesi, alan\u0131nda uzman profesyonellerin \u00e7al\u0131\u015fmas\u0131 gereken bir aland\u0131r.<\/p>\n\n\n\n<p>Kritik b\u00f6lgelerde g\u00fcvenlik y\u00f6netiminde ele al\u0131nmas\u0131 gereken en \u00f6nemli konular aras\u0131nda giri\u015f \u00e7\u0131k\u0131\u015flar\u0131 yapan personele ait kimlik bilgilerinin bulunmas\u0131 ve her g\u00fcn giri\u015f \u00e7\u0131k\u0131\u015flar\u0131n kay\u0131t alt\u0131na al\u0131nmas\u0131, gelecek ara\u00e7lar\u0131n \u00f6zellikle taban k\u0131sm\u0131n\u0131n dikkatli bir \u015fekilde taranmas\u0131 ve gelecek ziyaret\u00e7ilerin kay\u0131t alt\u0131na al\u0131narak hangi birimlerle g\u00f6r\u00fc\u015fece\u011finin tespiti \u00f6nemlidir. Kritik tesislerin korunmas\u0131nda g\u00fcvenlik risk de\u011ferlendirmesi konusunda son zamanlarda b\u00fct\u00fcnc\u00fcl yakla\u015f\u0131mlar ele al\u0131nmaktad\u0131r. G\u00fcvenlik alan\u0131nda yap\u0131lacak bilimsel \u00e7al\u0131\u015fmalar her yeni d\u00fczeyde g\u00fcvenli\u011fin daha fazla nas\u0131l sa\u011flanabilece\u011fi ile ilgilidir. Bu nedenle her g\u00fcn geli\u015fen yeni teknolojiye kar\u015f\u0131 olu\u015fan yeni riskler ve tehditler ile ilgili g\u00fcvenlik riski de\u011ferlendirmelerinin, yeni yakla\u015f\u0131mlar da ele al\u0131narak belirlenmesi son derece \u00f6nemlidir. \u00c7\u00fcnk\u00fc bir \u00e7a\u011fa uygun olan bir tehdit yeni\u00e7a\u011fda tehdit niteli\u011fini kaybetmektedir. Her yeni\u00e7a\u011fda da yepyeni tehditler kritik tesisler ile ilgili g\u00fcvenlik g\u00fcncellemesini gerektirmektedir.<\/p>\n\n\n<div class=\"wp-block-image\">\n<figure class=\"aligncenter size-full\"><img loading=\"lazy\" decoding=\"async\" width=\"800\" height=\"334\" src=\"https:\/\/alnteknoloji.com\/wp-content\/uploads\/2026\/04\/kritikstesis2.jpeg\" alt=\"\" class=\"wp-image-298\" srcset=\"https:\/\/alnteknoloji.com\/wp-content\/uploads\/2026\/04\/kritikstesis2.jpeg 800w, https:\/\/alnteknoloji.com\/wp-content\/uploads\/2026\/04\/kritikstesis2-300x125.jpeg 300w, https:\/\/alnteknoloji.com\/wp-content\/uploads\/2026\/04\/kritikstesis2-768x321.jpeg 768w, https:\/\/alnteknoloji.com\/wp-content\/uploads\/2026\/04\/kritikstesis2-144x60.jpeg 144w\" sizes=\"auto, (max-width: 800px) 100vw, 800px\" \/><figcaption class=\"wp-element-caption\"> <\/figcaption><\/figure>\n<\/div>\n\n\n<p><strong>Kritik Tesis G\u00fcvenlik Sistemleri<\/strong><\/p>\n\n\n\n<p>T\u00fcm bu konular ele al\u0131nd\u0131\u011f\u0131nda kritik tesis g\u00fcvenlik sistemlerinin son derece yeni teknoloji kullan\u0131larak yerle\u015ftirilmesi, g\u00f6rsel, i\u015fitsel ve alg\u0131lay\u0131c\u0131 sistemlerin sa\u011fl\u0131kl\u0131 bir \u015fekilde monte edilip d\u00fczenli bak\u0131mlar\u0131n\u0131n yap\u0131lmas\u0131, g\u00fcvenlik biriminde g\u00f6revli personelin ilgili ekipmanlar\u0131n kullan\u0131m\u0131 ile ilgili e\u011fitim almas\u0131 gerekir.<\/p>\n\n\n\n<p>Kritik tesis g\u00fcvenlik sistemlerinin uzaktan eri\u015filebilir olmas\u0131 da \u00f6nemlidir. Yetkili personel taraf\u0131ndan uzaktan eri\u015fimin sa\u011flanmas\u0131 tesislerin herhangi bir ihlal s\u00f6z konusu oldu\u011funda kay\u0131tlar\u0131na ula\u015f\u0131lmas\u0131 i\u00e7in \u00f6nemlidir. Ancak bunlar\u0131n tamamen yetkili ki\u015filerce belirlenmesi son derece m\u00fchimdir.<\/p>\n","protected":false},"excerpt":{"rendered":"<p>Kritik tesis g\u00fcvenlik y\u00f6netimi\u00a0bir \u00fclkede kritik seviyede olan b\u00fct\u00fcn binalar\u0131n g\u00fcvenli\u011fi ile ilgilenir. Kritik d\u00fczeyde say\u0131lan cezaevleri, sanayi tesisleri, havaalanlar\u0131, askeri tesisler, devlete ait daireler, y\u00fcksek \u00f6l\u00e7ekli ticari binalar kritik tesis g\u00fcvenlik y\u00f6netimi kapsam\u0131nda ele al\u0131n\u0131r. Bu tesislere y\u00f6nelik olarak hem i\u00e7eriden hem de d\u0131\u015far\u0131dan \u00e7e\u015fitli tehlikeler s\u00f6z konusu olabilece\u011fi i\u00e7in g\u00fcvenlik y\u00f6netimi olu\u015fturulurken t\u00fcm &hellip; <\/p>\n","protected":false},"author":1,"featured_media":0,"parent":0,"menu_order":0,"comment_status":"closed","ping_status":"closed","template":"","meta":{"footnotes":""},"class_list":["post-296","page","type-page","status-publish","hentry"],"_links":{"self":[{"href":"https:\/\/alnteknoloji.com\/index.php\/wp-json\/wp\/v2\/pages\/296","targetHints":{"allow":["GET"]}}],"collection":[{"href":"https:\/\/alnteknoloji.com\/index.php\/wp-json\/wp\/v2\/pages"}],"about":[{"href":"https:\/\/alnteknoloji.com\/index.php\/wp-json\/wp\/v2\/types\/page"}],"author":[{"embeddable":true,"href":"https:\/\/alnteknoloji.com\/index.php\/wp-json\/wp\/v2\/users\/1"}],"replies":[{"embeddable":true,"href":"https:\/\/alnteknoloji.com\/index.php\/wp-json\/wp\/v2\/comments?post=296"}],"version-history":[{"count":1,"href":"https:\/\/alnteknoloji.com\/index.php\/wp-json\/wp\/v2\/pages\/296\/revisions"}],"predecessor-version":[{"id":299,"href":"https:\/\/alnteknoloji.com\/index.php\/wp-json\/wp\/v2\/pages\/296\/revisions\/299"}],"wp:attachment":[{"href":"https:\/\/alnteknoloji.com\/index.php\/wp-json\/wp\/v2\/media?parent=296"}],"curies":[{"name":"wp","href":"https:\/\/api.w.org\/{rel}","templated":true}]}}