{"id":293,"date":"2026-04-09T23:37:03","date_gmt":"2026-04-09T20:37:03","guid":{"rendered":"https:\/\/alnteknoloji.com\/?page_id=293"},"modified":"2026-04-09T23:37:08","modified_gmt":"2026-04-09T20:37:08","slug":"cctv-sistemleri","status":"publish","type":"page","link":"https:\/\/alnteknoloji.com\/index.php\/cctv-sistemleri\/","title":{"rendered":"CCTV Sistemleri"},"content":{"rendered":"\n<p>\u00dcstlendi\u011fimiz her projede m\u00fc\u015fteri i\u00e7in yukar\u0131da ve \u00f6teye gitmekten gurur duyuyoruz. \u0130ster bir g\u00fcvenlik kameras\u0131 kurulumu ister eri\u015fim kontrol sistemi kurulumu ar\u0131yor olun, se\u00e7ti\u011finiz g\u00fcvenlik sistemi kurulumcusunun g\u00fcvenlik hedeflerinize ula\u015fman\u0131za yard\u0131mc\u0131 olacak deneyime ve vizyona sahip olmas\u0131 \u00f6nemlidir. Ticari g\u00fcvenlik hizmetlerimiz, g\u00f6zetim sistemi kurulumu veya alarm sistemi kurulumundan daha fazlas\u0131d\u0131r. Bizi rakiplerimizden ay\u0131ran proje \u00f6ncesi ve sonras\u0131 m\u00fc\u015fteri ba\u015far\u0131s\u0131na olan ba\u011fl\u0131l\u0131\u011f\u0131m\u0131zd\u0131r. Bir g\u00fcvenlik sistemini entegre eden bir projeyi ele ald\u0131\u011f\u0131m\u0131zda, i\u015f g\u00fcvenlik kameralar\u0131, Eri\u015fim Kontrol Sistemleri, ticari alarm sistemleri veya cctv kameralar\u0131 kurmak i\u00e7in b\u00fct\u00fcnsel bir yakla\u015f\u0131m izliyoruz.<\/p>\n\n\n<div class=\"wp-block-image\">\n<figure class=\"aligncenter size-full\"><img loading=\"lazy\" decoding=\"async\" width=\"800\" height=\"334\" src=\"https:\/\/alnteknoloji.com\/wp-content\/uploads\/2026\/04\/cctve-800x334-1.jpg\" alt=\"\" class=\"wp-image-294\" srcset=\"https:\/\/alnteknoloji.com\/wp-content\/uploads\/2026\/04\/cctve-800x334-1.jpg 800w, https:\/\/alnteknoloji.com\/wp-content\/uploads\/2026\/04\/cctve-800x334-1-300x125.jpg 300w, https:\/\/alnteknoloji.com\/wp-content\/uploads\/2026\/04\/cctve-800x334-1-768x321.jpg 768w, https:\/\/alnteknoloji.com\/wp-content\/uploads\/2026\/04\/cctve-800x334-1-144x60.jpg 144w\" sizes=\"auto, (max-width: 800px) 100vw, 800px\" \/><\/figure>\n<\/div>\n\n\n<p>M\u00fchendislik s\u00fcrecinden nihai m\u00fc\u015fteri e\u011fitimine kadar m\u00fc\u015fterilerimize i\u015f orta\u011f\u0131m\u0131z gibi davran\u0131r\u0131z \u00e7\u00fcnk\u00fc G\u00fcvenli ve Sa\u011flam G\u00fcvenlik yolu budur. Kurumsal sekt\u00f6r i\u00e7in en iyi g\u00fcvenlik sistemi hizmetlerini sa\u011flamak s\u00f6z konusu oldu\u011funda, durumu g\u00fcvenlikten daha iyi kimse bilemez. Ulusal d\u00fczeydeki i\u015fletmelerden yerel i\u015fletmelere ve aradaki her kurulu\u015fla \u00e7al\u0131\u015ft\u0131k.<\/p>\n","protected":false},"excerpt":{"rendered":"<p>\u00dcstlendi\u011fimiz her projede m\u00fc\u015fteri i\u00e7in yukar\u0131da ve \u00f6teye gitmekten gurur duyuyoruz. \u0130ster bir g\u00fcvenlik kameras\u0131 kurulumu ister eri\u015fim kontrol sistemi kurulumu ar\u0131yor olun, se\u00e7ti\u011finiz g\u00fcvenlik sistemi kurulumcusunun g\u00fcvenlik hedeflerinize ula\u015fman\u0131za yard\u0131mc\u0131 olacak deneyime ve vizyona sahip olmas\u0131 \u00f6nemlidir. Ticari g\u00fcvenlik hizmetlerimiz, g\u00f6zetim sistemi kurulumu veya alarm sistemi kurulumundan daha fazlas\u0131d\u0131r. Bizi rakiplerimizden ay\u0131ran proje \u00f6ncesi &hellip; <\/p>\n","protected":false},"author":1,"featured_media":0,"parent":0,"menu_order":0,"comment_status":"closed","ping_status":"closed","template":"","meta":{"footnotes":""},"class_list":["post-293","page","type-page","status-publish","hentry"],"_links":{"self":[{"href":"https:\/\/alnteknoloji.com\/index.php\/wp-json\/wp\/v2\/pages\/293","targetHints":{"allow":["GET"]}}],"collection":[{"href":"https:\/\/alnteknoloji.com\/index.php\/wp-json\/wp\/v2\/pages"}],"about":[{"href":"https:\/\/alnteknoloji.com\/index.php\/wp-json\/wp\/v2\/types\/page"}],"author":[{"embeddable":true,"href":"https:\/\/alnteknoloji.com\/index.php\/wp-json\/wp\/v2\/users\/1"}],"replies":[{"embeddable":true,"href":"https:\/\/alnteknoloji.com\/index.php\/wp-json\/wp\/v2\/comments?post=293"}],"version-history":[{"count":1,"href":"https:\/\/alnteknoloji.com\/index.php\/wp-json\/wp\/v2\/pages\/293\/revisions"}],"predecessor-version":[{"id":295,"href":"https:\/\/alnteknoloji.com\/index.php\/wp-json\/wp\/v2\/pages\/293\/revisions\/295"}],"wp:attachment":[{"href":"https:\/\/alnteknoloji.com\/index.php\/wp-json\/wp\/v2\/media?parent=293"}],"curies":[{"name":"wp","href":"https:\/\/api.w.org\/{rel}","templated":true}]}}