{"id":223,"date":"2018-05-01T10:04:26","date_gmt":"2018-05-01T10:04:26","guid":{"rendered":"http:\/\/rarathemesdemo.com\/rara-business\/?page_id=223"},"modified":"2026-04-10T01:04:30","modified_gmt":"2026-04-09T22:04:30","slug":"portfolio","status":"publish","type":"page","link":"https:\/\/alnteknoloji.com\/index.php\/portfolio\/","title":{"rendered":"Hizmetlerimiz"},"content":{"rendered":"<div class=\"wp-block-image\">\n<figure class=\"aligncenter size-full is-resized\"><img loading=\"lazy\" decoding=\"async\" width=\"300\" height=\"168\" src=\"https:\/\/alnteknoloji.com\/wp-content\/uploads\/2026\/04\/portfolyo.jpg\" alt=\"\" class=\"wp-image-349\" style=\"width:788px;height:auto\" srcset=\"https:\/\/alnteknoloji.com\/wp-content\/uploads\/2026\/04\/portfolyo.jpg 300w, https:\/\/alnteknoloji.com\/wp-content\/uploads\/2026\/04\/portfolyo-107x60.jpg 107w\" sizes=\"auto, (max-width: 300px) 100vw, 300px\" \/><\/figure>\n<\/div>\n\n\n<p class=\"has-text-align-center\">Saha tecr\u00fcbesine sahip profesyonel \u00e7al\u0131\u015fma ekibimiz ve global partnerlerimiz ile \u015firketinize \u00f6zg\u00fc kal\u0131c\u0131 etkin \u00e7\u00f6z\u00fcmler geli\u015ftirerek, dijital teknolojiye ge\u00e7i\u015f s\u00fcre\u00e7lerinizi y\u00f6neten ve gereken \u00fcretim operasyonlar\u0131n\u0131z\u0131 yenileyip; s\u00fcrd\u00fcr\u00fclebilir hale getirerek verimlili\u011fi, kazanc\u0131 ve h\u0131z\u0131 artt\u0131ran yeni nesil \u00e7\u00f6z\u00fcmler sunuyoruz.<\/p>\n","protected":false},"excerpt":{"rendered":"<p>Saha tecr\u00fcbesine sahip profesyonel \u00e7al\u0131\u015fma ekibimiz ve global partnerlerimiz ile \u015firketinize \u00f6zg\u00fc kal\u0131c\u0131 etkin \u00e7\u00f6z\u00fcmler geli\u015ftirerek, dijital teknolojiye ge\u00e7i\u015f s\u00fcre\u00e7lerinizi y\u00f6neten ve gereken \u00fcretim operasyonlar\u0131n\u0131z\u0131 yenileyip; s\u00fcrd\u00fcr\u00fclebilir hale getirerek verimlili\u011fi, kazanc\u0131 ve h\u0131z\u0131 artt\u0131ran yeni nesil \u00e7\u00f6z\u00fcmler sunuyoruz.<\/p>\n","protected":false},"author":1,"featured_media":349,"parent":0,"menu_order":0,"comment_status":"closed","ping_status":"closed","template":"templates\/portfolio.php","meta":{"footnotes":""},"class_list":["post-223","page","type-page","status-publish","has-post-thumbnail","hentry"],"_links":{"self":[{"href":"https:\/\/alnteknoloji.com\/index.php\/wp-json\/wp\/v2\/pages\/223","targetHints":{"allow":["GET"]}}],"collection":[{"href":"https:\/\/alnteknoloji.com\/index.php\/wp-json\/wp\/v2\/pages"}],"about":[{"href":"https:\/\/alnteknoloji.com\/index.php\/wp-json\/wp\/v2\/types\/page"}],"author":[{"embeddable":true,"href":"https:\/\/alnteknoloji.com\/index.php\/wp-json\/wp\/v2\/users\/1"}],"replies":[{"embeddable":true,"href":"https:\/\/alnteknoloji.com\/index.php\/wp-json\/wp\/v2\/comments?post=223"}],"version-history":[{"count":3,"href":"https:\/\/alnteknoloji.com\/index.php\/wp-json\/wp\/v2\/pages\/223\/revisions"}],"predecessor-version":[{"id":373,"href":"https:\/\/alnteknoloji.com\/index.php\/wp-json\/wp\/v2\/pages\/223\/revisions\/373"}],"wp:featuredmedia":[{"embeddable":true,"href":"https:\/\/alnteknoloji.com\/index.php\/wp-json\/wp\/v2\/media\/349"}],"wp:attachment":[{"href":"https:\/\/alnteknoloji.com\/index.php\/wp-json\/wp\/v2\/media?parent=223"}],"curies":[{"name":"wp","href":"https:\/\/api.w.org\/{rel}","templated":true}]}}